{"id":16213,"date":"2024-09-01T18:05:13","date_gmt":"2024-09-01T16:05:13","guid":{"rendered":"https:\/\/artofsopot.pl\/?post_type=product&#038;p=16213"},"modified":"2024-09-01T18:05:44","modified_gmt":"2024-09-01T16:05:44","slug":"obraz-sopot-2023-morning-808","status":"publish","type":"product","link":"https:\/\/artofsopot.pl\/?product=obraz-sopot-2023-morning-808","title":{"rendered":"Obraz Sopot 2023 morning  8:08"},"content":{"rendered":"<p>Plakat Sopot 2023 morning True 7:17 \u00a0A2 42cmx59,4cm<\/p>\n<ul>\n<li>Ramka aluminium<\/li>\n<\/ul>\n<p><strong>Technika<\/strong>:<\/p>\n<ul>\n<li>print<\/li>\n<li>papier 250g<\/li>\n<li>ca\u0142o\u015b\u0107 zabezpieczona werniksem<\/li>\n<\/ul>\n<p><strong>Wymiary:<\/strong><\/p>\n<ul>\n<li>42cmx59,4cm<\/li>\n<\/ul>\n","protected":false},"excerpt":{"rendered":"<p><strong>Wymiary:<\/strong><\/p>\n<ul>\n<li>42cmx59,4cm<\/li>\n<\/ul>\n<p><strong>Wymiary:<\/strong><\/p>\n<p>42cmx59,4cm<\/p>\n","protected":false},"featured_media":16212,"comment_status":"open","ping_status":"closed","template":"","meta":[],"product_brand":[],"product_cat":[120],"product_tag":[],"class_list":{"0":"post-16213","1":"product","2":"type-product","3":"status-publish","4":"has-post-thumbnail","6":"product_cat-plakaty","8":"first","9":"instock","10":"shipping-taxable","11":"purchasable","12":"product-type-simple"},"_links":{"self":[{"href":"https:\/\/artofsopot.pl\/index.php?rest_route=\/wp\/v2\/product\/16213","targetHints":{"allow":["GET"]}}],"collection":[{"href":"https:\/\/artofsopot.pl\/index.php?rest_route=\/wp\/v2\/product"}],"about":[{"href":"https:\/\/artofsopot.pl\/index.php?rest_route=\/wp\/v2\/types\/product"}],"replies":[{"embeddable":true,"href":"https:\/\/artofsopot.pl\/index.php?rest_route=%2Fwp%2Fv2%2Fcomments&post=16213"}],"wp:featuredmedia":[{"embeddable":true,"href":"https:\/\/artofsopot.pl\/index.php?rest_route=\/wp\/v2\/media\/16212"}],"wp:attachment":[{"href":"https:\/\/artofsopot.pl\/index.php?rest_route=%2Fwp%2Fv2%2Fmedia&parent=16213"}],"wp:term":[{"taxonomy":"product_brand","embeddable":true,"href":"https:\/\/artofsopot.pl\/index.php?rest_route=%2Fwp%2Fv2%2Fproduct_brand&post=16213"},{"taxonomy":"product_cat","embeddable":true,"href":"https:\/\/artofsopot.pl\/index.php?rest_route=%2Fwp%2Fv2%2Fproduct_cat&post=16213"},{"taxonomy":"product_tag","embeddable":true,"href":"https:\/\/artofsopot.pl\/index.php?rest_route=%2Fwp%2Fv2%2Fproduct_tag&post=16213"}],"curies":[{"name":"wp","href":"https:\/\/api.w.org\/{rel}","templated":true}]}}