{"id":16189,"date":"2024-09-01T17:55:33","date_gmt":"2024-09-01T15:55:33","guid":{"rendered":"https:\/\/artofsopot.pl\/?post_type=product&#038;p=16189"},"modified":"2024-09-01T18:00:58","modified_gmt":"2024-09-01T16:00:58","slug":"plakat-sopot-2023-morning-17","status":"publish","type":"product","link":"https:\/\/artofsopot.pl\/?product=plakat-sopot-2023-morning-17","title":{"rendered":"Plakat Sopot 2023 morning  17"},"content":{"rendered":"<p>Plakat Sopot 2023 morning True 7:17 \u00a0A2 42cmx59,4cm<\/p>\n<ul>\n<li>Ramka aluminium<\/li>\n<\/ul>\n<p><strong>Technika<\/strong>:<\/p>\n<ul>\n<li>print<\/li>\n<li>papier 250g<\/li>\n<li>ca\u0142o\u015b\u0107 zabezpieczona werniksem<\/li>\n<\/ul>\n<p><strong>Wymiary:<\/strong><\/p>\n<ul>\n<li>42cmx59,4cm<\/li>\n<\/ul>\n","protected":false},"excerpt":{"rendered":"<p><strong>Wymiary:<\/strong><\/p>\n<ul>\n<li>42cmx59,4cm<\/li>\n<\/ul>\n<p><strong>Wymiary:<\/strong><\/p>\n<p>42cmx59,4cm<\/p>\n","protected":false},"featured_media":15985,"comment_status":"open","ping_status":"closed","template":"","meta":[],"product_brand":[],"product_cat":[120],"product_tag":[122,121],"class_list":{"0":"post-16189","1":"product","2":"type-product","3":"status-publish","4":"has-post-thumbnail","6":"product_cat-plakaty","7":"product_tag-122","8":"product_tag-sopot","10":"first","11":"instock","12":"shipping-taxable","13":"purchasable","14":"product-type-simple"},"_links":{"self":[{"href":"https:\/\/artofsopot.pl\/index.php?rest_route=\/wp\/v2\/product\/16189","targetHints":{"allow":["GET"]}}],"collection":[{"href":"https:\/\/artofsopot.pl\/index.php?rest_route=\/wp\/v2\/product"}],"about":[{"href":"https:\/\/artofsopot.pl\/index.php?rest_route=\/wp\/v2\/types\/product"}],"replies":[{"embeddable":true,"href":"https:\/\/artofsopot.pl\/index.php?rest_route=%2Fwp%2Fv2%2Fcomments&post=16189"}],"wp:featuredmedia":[{"embeddable":true,"href":"https:\/\/artofsopot.pl\/index.php?rest_route=\/wp\/v2\/media\/15985"}],"wp:attachment":[{"href":"https:\/\/artofsopot.pl\/index.php?rest_route=%2Fwp%2Fv2%2Fmedia&parent=16189"}],"wp:term":[{"taxonomy":"product_brand","embeddable":true,"href":"https:\/\/artofsopot.pl\/index.php?rest_route=%2Fwp%2Fv2%2Fproduct_brand&post=16189"},{"taxonomy":"product_cat","embeddable":true,"href":"https:\/\/artofsopot.pl\/index.php?rest_route=%2Fwp%2Fv2%2Fproduct_cat&post=16189"},{"taxonomy":"product_tag","embeddable":true,"href":"https:\/\/artofsopot.pl\/index.php?rest_route=%2Fwp%2Fv2%2Fproduct_tag&post=16189"}],"curies":[{"name":"wp","href":"https:\/\/api.w.org\/{rel}","templated":true}]}}